{"id":545,"date":"2024-09-12T14:41:21","date_gmt":"2024-09-12T14:41:21","guid":{"rendered":"https:\/\/submerso.pt\/?page_id=545"},"modified":"2024-10-03T18:03:54","modified_gmt":"2024-10-03T18:03:54","slug":"documentario-2","status":"publish","type":"page","link":"https:\/\/submerso.pt\/?page_id=545","title":{"rendered":"Document\u00e1rio"},"content":{"rendered":"<div class=\"wpb-content-wrapper\"><p>[vc_row disable_element=&#8221;yes&#8221;][vc_column][vc_single_image image=&#8221;519&#8243; img_size=&#8221;1920&#215;200&#8243; alignment=&#8221;center&#8221; css_animation=&#8221;fadeIn&#8221; css=&#8221;&#8221;][\/vc_column][\/vc_row][vc_row][vc_column][vc_single_image image=&#8221;638&#8243; img_size=&#8221;1920&#215;1080&#8243; alignment=&#8221;center&#8221; css_animation=&#8221;fadeIn&#8221; css=&#8221;&#8221;][vc_separator color=&#8221;custom&#8221; border_width=&#8221;3&#8243; css_animation=&#8221;fadeIn&#8221; css=&#8221;&#8221; accent_color=&#8221;#99d4e5&#8243;][vc_column_text css_animation=&#8221;fadeIn&#8221; css=&#8221;&#8221;]Como parte integrante do Submerso, apresentamos uma s\u00e9rie de entrevistas com historiadores, que partilham hist\u00f3rias ligadas \u00e0s \u201c\u00e1guas invis\u00edveis\u201d de Lisboa, e exploram o impacto dessas infraestruturas na evolu\u00e7\u00e3o da cidade.<\/p>\n<p>Estas conversas oferecem uma perspectiva \u00fanica sobre a heran\u00e7a cultural e h\u00eddrica da Colina, ligando o passado e o presente atrav\u00e9s das viv\u00eancias e do conhecimento de quem preserva esta hist\u00f3ria.[\/vc_column_text][highlight_box height=&#8221;100&#8243; url=&#8221;url:https%3A%2F%2Fvideo.eko.com%2Fv%2FA67DeE%3Fautoplay%3Dtrue&#8221; bgclr=&#8221;#ffffff&#8221; hoverbg=&#8221;#99d4e5&#8243; text=&#8221;Mergulhe no Document\u00e1rio&#8221; caption_url=&#8221;&#8221;][vc_separator color=&#8221;custom&#8221; border_width=&#8221;3&#8243; css_animation=&#8221;fadeIn&#8221; css=&#8221;&#8221; accent_color=&#8221;#99d4e5&#8243;][\/vc_column][\/vc_row]<\/p>\n<\/div>","protected":false},"excerpt":{"rendered":"<p>[vc_row disable_element=&#8221;yes&#8221;][vc_column][vc_single_image image=&#8221;519&#8243; img_size=&#8221;1920&#215;200&#8243; alignment=&#8221;center&#8221; css_animation=&#8221;fadeIn&#8221; css=&#8221;&#8221;][\/vc_column][\/vc_row][vc_row][vc_column][vc_single_image image=&#8221;638&#8243; img_size=&#8221;1920&#215;1080&#8243; alignment=&#8221;center&#8221; css_animation=&#8221;fadeIn&#8221; css=&#8221;&#8221;][vc_separator color=&#8221;custom&#8221; border_width=&#8221;3&#8243; css_animation=&#8221;fadeIn&#8221; css=&#8221;&#8221; accent_color=&#8221;#99d4e5&#8243;][vc_column_text css_animation=&#8221;fadeIn&#8221; css=&#8221;&#8221;]Como parte integrante do Submerso, apresentamos uma s\u00e9rie de entrevistas com historiadores, que partilham hist\u00f3rias ligadas \u00e0s \u201c\u00e1guas invis\u00edveis\u201d de Lisboa, e exploram o impacto dessas infraestruturas na evolu\u00e7\u00e3o da cidade. Estas conversas oferecem uma perspectiva \u00fanica &hellip; <\/p>\n<p class=\"link-more\"><a href=\"https:\/\/submerso.pt\/?page_id=545\" class=\"more-link\">Leia mais<span class=\"screen-reader-text\"> &#8220;Document\u00e1rio&#8221;<\/span><\/a><\/p>\n","protected":false},"author":1,"featured_media":0,"parent":0,"menu_order":0,"comment_status":"closed","ping_status":"closed","template":"page-templates\/no-title.php","meta":{"footnotes":""},"class_list":["post-545","page","type-page","status-publish","hentry"],"_links":{"self":[{"href":"https:\/\/submerso.pt\/index.php?rest_route=\/wp\/v2\/pages\/545","targetHints":{"allow":["GET"]}}],"collection":[{"href":"https:\/\/submerso.pt\/index.php?rest_route=\/wp\/v2\/pages"}],"about":[{"href":"https:\/\/submerso.pt\/index.php?rest_route=\/wp\/v2\/types\/page"}],"author":[{"embeddable":true,"href":"https:\/\/submerso.pt\/index.php?rest_route=\/wp\/v2\/users\/1"}],"replies":[{"embeddable":true,"href":"https:\/\/submerso.pt\/index.php?rest_route=%2Fwp%2Fv2%2Fcomments&post=545"}],"version-history":[{"count":15,"href":"https:\/\/submerso.pt\/index.php?rest_route=\/wp\/v2\/pages\/545\/revisions"}],"predecessor-version":[{"id":803,"href":"https:\/\/submerso.pt\/index.php?rest_route=\/wp\/v2\/pages\/545\/revisions\/803"}],"wp:attachment":[{"href":"https:\/\/submerso.pt\/index.php?rest_route=%2Fwp%2Fv2%2Fmedia&parent=545"}],"curies":[{"name":"wp","href":"https:\/\/api.w.org\/{rel}","templated":true}]}}