{"id":58,"date":"2024-07-25T14:23:36","date_gmt":"2024-07-25T14:23:36","guid":{"rendered":"https:\/\/submerso.pt\/?page_id=58"},"modified":"2024-10-02T15:13:50","modified_gmt":"2024-10-02T15:13:50","slug":"homepage","status":"publish","type":"page","link":"https:\/\/submerso.pt\/","title":{"rendered":"Home"},"content":{"rendered":"<div class=\"wpb-content-wrapper\"><p>[vc_row disable_element=&#8221;yes&#8221;][vc_column][vc_single_image image=&#8221;581&#8243; img_size=&#8221;1920&#215;1080&#8243; alignment=&#8221;center&#8221; css_animation=&#8221;fadeIn&#8221; css=&#8221;&#8221;][\/vc_column][\/vc_row][vc_row][vc_column][vc_single_image image=&#8221;789&#8243; img_size=&#8221;1920&#215;1080&#8243; css=&#8221;&#8221;][vc_row_inner][vc_column_inner][vc_separator color=&#8221;custom&#8221; border_width=&#8221;3&#8243; css_animation=&#8221;fadeInLeft&#8221; css=&#8221;.vc_custom_1726222295490{padding-right: 100px !important;padding-left: 100px !important;}&#8221; accent_color=&#8221;#99d4e5&#8243;][\/vc_column_inner][\/vc_row_inner][vc_row_inner css=&#8221;.vc_custom_1726220866352{padding-right: 100px !important;padding-left: 100px !important;}&#8221;][vc_column_inner][vc_column_text css_animation=&#8221;fadeIn&#8221; css=&#8221;&#8221;]<span style=\"font-size: 26px; color: #99d4e4;\"><strong><span class=\"ui-provider a b c d e f g h i j k l m n o p q r s t u v w x y z ab ac ae af ag ah ai aj ak\" dir=\"ltr\">\u00c0 Descoberta das \u00c1guas Invis\u00edveis<\/span><\/strong><\/span>[\/vc_column_text][vc_column_text css_animation=&#8221;fadeIn&#8221; css=&#8221;&#8221;]Desde a antiguidade, a cidade de Lisboa \u00e9 abastecida por \u00e1guas subterr\u00e2neas extra\u00eddas de po\u00e7os, galerias e nascentes, tanto no centro urbano quanto nos arredores \u2013 as <span style=\"color: #99d4e5;\">\u2018\u00c1guas Invis\u00edveis<\/span>, que percorriam um intrincado sistema subterr\u00e2neo.<\/p>\n<p>Vest\u00edgios arqueol\u00f3gicos desse sistema de gest\u00e3o h\u00eddrica, datados da \u00e9poca romana, ainda podem ser encontrados na Colina do Castelo, zona ribeirinha e zonas lim\u00edtrofes.<\/p>\n<p>Hoje, grande parte desses recursos h\u00eddricos est\u00e1 \u2018escondida\u2019, e a rela\u00e7\u00e3o entre o ambiente urbano e o ciclo da \u00e1gua foi sendo perdida ao longo dos s\u00e9culos. Com a r\u00e1pida transforma\u00e7\u00e3o desta zona da cidade, e o abandono de pr\u00e1ticas tradicionais, torna-se urgente registar os aspetos culturais intang\u00edveis associados a essas \u00e1guas subterr\u00e2neas.[\/vc_column_text][\/vc_column_inner][\/vc_row_inner][vc_row_inner][vc_column_inner][vc_separator color=&#8221;custom&#8221; border_width=&#8221;3&#8243; css_animation=&#8221;fadeInRight&#8221; css=&#8221;.vc_custom_1726222308332{padding-right: 100px !important;padding-left: 100px !important;}&#8221; accent_color=&#8221;#99d4e5&#8243;][\/vc_column_inner][\/vc_row_inner][\/vc_column][\/vc_row][vc_row content_placement=&#8221;middle&#8221;][vc_column][vc_single_image image=&#8221;594&#8243; img_size=&#8221;full&#8221; alignment=&#8221;center&#8221; css_animation=&#8221;fadeInUp&#8221; css=&#8221;&#8221;][\/vc_column][\/vc_row]<\/p>\n<\/div>","protected":false},"excerpt":{"rendered":"<p>[vc_row disable_element=&#8221;yes&#8221;][vc_column][vc_single_image image=&#8221;581&#8243; img_size=&#8221;1920&#215;1080&#8243; alignment=&#8221;center&#8221; css_animation=&#8221;fadeIn&#8221; css=&#8221;&#8221;][\/vc_column][\/vc_row][vc_row][vc_column][vc_single_image image=&#8221;789&#8243; img_size=&#8221;1920&#215;1080&#8243; css=&#8221;&#8221;][vc_row_inner][vc_column_inner][vc_separator color=&#8221;custom&#8221; border_width=&#8221;3&#8243; css_animation=&#8221;fadeInLeft&#8221; css=&#8221;.vc_custom_1726222295490{padding-right: 100px !important;padding-left: 100px !important;}&#8221; accent_color=&#8221;#99d4e5&#8243;][\/vc_column_inner][\/vc_row_inner][vc_row_inner css=&#8221;.vc_custom_1726220866352{padding-right: 100px !important;padding-left: 100px !important;}&#8221;][vc_column_inner][vc_column_text css_animation=&#8221;fadeIn&#8221; css=&#8221;&#8221;]\u00c0 Descoberta das \u00c1guas Invis\u00edveis[\/vc_column_text][vc_column_text css_animation=&#8221;fadeIn&#8221; css=&#8221;&#8221;]Desde a antiguidade, a cidade de Lisboa \u00e9 abastecida por \u00e1guas subterr\u00e2neas extra\u00eddas de po\u00e7os, galerias e nascentes, tanto no centro urbano quanto nos &hellip; <\/p>\n<p class=\"link-more\"><a href=\"https:\/\/submerso.pt\/\" class=\"more-link\">Leia mais<span class=\"screen-reader-text\"> &#8220;Home&#8221;<\/span><\/a><\/p>\n","protected":false},"author":1,"featured_media":692,"parent":0,"menu_order":0,"comment_status":"closed","ping_status":"closed","template":"page-templates\/homepage-no-hero.php","meta":{"footnotes":""},"class_list":["post-58","page","type-page","status-publish","has-post-thumbnail","hentry"],"_links":{"self":[{"href":"https:\/\/submerso.pt\/index.php?rest_route=\/wp\/v2\/pages\/58","targetHints":{"allow":["GET"]}}],"collection":[{"href":"https:\/\/submerso.pt\/index.php?rest_route=\/wp\/v2\/pages"}],"about":[{"href":"https:\/\/submerso.pt\/index.php?rest_route=\/wp\/v2\/types\/page"}],"author":[{"embeddable":true,"href":"https:\/\/submerso.pt\/index.php?rest_route=\/wp\/v2\/users\/1"}],"replies":[{"embeddable":true,"href":"https:\/\/submerso.pt\/index.php?rest_route=%2Fwp%2Fv2%2Fcomments&post=58"}],"version-history":[{"count":95,"href":"https:\/\/submerso.pt\/index.php?rest_route=\/wp\/v2\/pages\/58\/revisions"}],"predecessor-version":[{"id":811,"href":"https:\/\/submerso.pt\/index.php?rest_route=\/wp\/v2\/pages\/58\/revisions\/811"}],"wp:featuredmedia":[{"embeddable":true,"href":"https:\/\/submerso.pt\/index.php?rest_route=\/wp\/v2\/media\/692"}],"wp:attachment":[{"href":"https:\/\/submerso.pt\/index.php?rest_route=%2Fwp%2Fv2%2Fmedia&parent=58"}],"curies":[{"name":"wp","href":"https:\/\/api.w.org\/{rel}","templated":true}]}}