{"id":88,"date":"2024-07-25T14:30:30","date_gmt":"2024-07-25T14:30:30","guid":{"rendered":"https:\/\/submerso.pt\/?page_id=88"},"modified":"2024-09-24T09:02:14","modified_gmt":"2024-09-24T09:02:14","slug":"sobre-nos","status":"publish","type":"page","link":"https:\/\/submerso.pt\/?page_id=88","title":{"rendered":"Sobre"},"content":{"rendered":"<div class=\"wpb-content-wrapper\"><p>[vc_row][vc_column][vc_single_image image=&#8221;519&#8243; img_size=&#8221;1920&#215;200&#8243; alignment=&#8221;center&#8221; css_animation=&#8221;fadeIn&#8221; css=&#8221;&#8221;][vc_column_text css_animation=&#8221;fadeIn&#8221; css=&#8221;&#8221;]<\/p>\n<h1><span style=\"font-size: 26px;\"><strong><span style=\"color: #99d4e5;\">O que \u00e9 o submerso?<\/span><\/strong><\/span><\/h1>\n<p>O SUBMERSO, surge no \u00e2mbito do Projeto europeu <a href=\"https:\/\/lisboaenova.org\/portfolio\/infrablue-blue-infrastructure\/\">INFRABLUE<\/a>, em que a <a href=\"https:\/\/lisboaenova.org\/\">Lisboa E-Nova &#8211; Ag\u00eancia de Energia e Ambiente de Lisboa<\/a> participa, e pretende destacar o potencial destas \u201c\u00e1guas invis\u00edveis\u201d e das suas infraestruturas como elementos naturais, sociais e culturais na paisagem.<\/p>\n<p style=\"text-align: justify;\">O <i>Submerso \u2013 \u00c0 Descoberta das \u00c1guas Invis\u00edveis de Lisboa<\/i> \u00e9 uma interven\u00e7\u00e3o art\u00edstica que visa explorar e revelar as &#8220;\u00e1guas invis\u00edveis&#8221; de Lisboa, e destacar e valorizar a sua heran\u00e7a cultural.<\/p>\n<p style=\"text-align: justify;\">Este projeto decorre parte do \u00e2mbito do projeto europeu INFRABLUE \u2013 BLUE INFRASTRUCTURE, que procura valorizar e preservar o patrim\u00f3nio natural e cultural das cidades europeias participantes, atrav\u00e9s da identifica\u00e7\u00e3o e an\u00e1lise das suas infraestruturas azuis, como rios, fontes e sistemas de \u00e1guas subterr\u00e2neas.<\/p>\n<p style=\"text-align: justify;\">A execu\u00e7\u00e3o do <i>Submerso<\/i> est\u00e1 a cargo da Lisboa E-Nova, com uma colabora\u00e7\u00e3o art\u00edstica de alunos da ETIC &#8211; Escola de Tecnologias Inova\u00e7\u00e3o e Cria\u00e7\u00e3o. Os estudantes desenvolveram uma proposta que combina diferentes formas de arte para criar uma experi\u00eancia imersiva e interativa ao ar livre.<\/p>\n<p style=\"text-align: justify;\">Com a orienta\u00e7\u00e3o da Lisboa E-Nova foi, assim, delineada a presente proposta art\u00edstica que inclui:<\/p>\n<ul>\n<li style=\"text-align: justify;\"><strong>Teatro de Rua<\/strong>: Uma pe\u00e7a que traz \u00e0 vida hist\u00f3rias e lendas relacionadas com as \u00e1guas subterr\u00e2neas de Lisboa.<\/li>\n<li style=\"text-align: justify;\"><strong>V\u00eddeomapping e Proje\u00e7\u00e3o Interativa<\/strong>: Proje\u00e7\u00f5es visuais que ir\u00e3o destacar a rela\u00e7\u00e3o de Lisboa com as suas \u00e1guas invis\u00edveis, criando uma narrativa visual impactante e envolvente.<\/li>\n<li style=\"text-align: justify;\"><strong>Narra\u00e7\u00e3o<\/strong>: Um conto que evoca o mist\u00e9rio em torno da origem das \u00e1guas subterr\u00e2neas.<\/li>\n<li><span data-teams=\"true\"><span class=\"ui-provider a b c d e f g h i j k l m n o p q r s t u v w x y z ab ac ae af ag ah ai aj ak\" dir=\"ltr\"><strong>Website Informativo<\/strong>: Um site que complementa a experi\u00eancia f\u00edsica, onde o p\u00fablico poder\u00e1 aceder a informa\u00e7\u00f5es detalhadas sobre o projeto, assistir a pequenos document\u00e1rios, entrevistas e filmagens que aprofundam a import\u00e2ncia das \u00e1guas subterr\u00e2neas da cidade.<\/span><\/span><\/li>\n<\/ul>\n<p>[\/vc_column_text][\/vc_column][\/vc_row][vc_row][vc_column][vc_separator color=&#8221;custom&#8221; border_width=&#8221;3&#8243; css_animation=&#8221;fadeInLeft&#8221; css=&#8221;&#8221; accent_color=&#8221;#99d4e5&#8243;][\/vc_column][\/vc_row][vc_row disable_element=&#8221;yes&#8221;][vc_column][vc_column_text css_animation=&#8221;fadeIn&#8221; css=&#8221;&#8221;]<\/p>\n<h1><span style=\"font-size: 26px;\"><strong><span style=\"color: #99d4e5;\">O que pretendemos?<\/span><\/strong><\/span><\/h1>\n<p style=\"text-align: justify;\"><span data-teams=\"true\"><span class=\"ui-provider a b c d e f g h i j k l m n o p q r s t u v w x y z ab ac ae af ag ah ai aj ak\" dir=\"ltr\">O objetivo do <i>Submerso<\/i> \u00e9 n\u00e3o s\u00f3 sensibilizar para a preserva\u00e7\u00e3o deste recurso invis\u00edvel e essencial, mas tamb\u00e9m utilizar a arte para ligar os cidad\u00e3os com este patrim\u00f3nio escondido, promovendo uma reflex\u00e3o sobre a sustentabilidade e o futuro das infraestruturas urbanas, em particular no contexto das altera\u00e7\u00f5es clim\u00e1ticas.<\/span><\/span><\/p>\n<p>[\/vc_column_text][\/vc_column][\/vc_row][vc_row][vc_column][vc_separator color=&#8221;custom&#8221; border_width=&#8221;3&#8243; css_animation=&#8221;fadeInLeft&#8221; css=&#8221;&#8221; accent_color=&#8221;#99d4e5&#8243;][\/vc_column][\/vc_row][vc_row disable_element=&#8221;yes&#8221;][vc_column][vc_single_image image=&#8221;483&#8243; img_size=&#8221;1920&#215;400&#8243; alignment=&#8221;center&#8221; css_animation=&#8221;fadeInUp&#8221; css=&#8221;&#8221;][\/vc_column][\/vc_row]<\/p>\n<\/div>","protected":false},"excerpt":{"rendered":"<p>[vc_row][vc_column][vc_single_image image=&#8221;519&#8243; img_size=&#8221;1920&#215;200&#8243; alignment=&#8221;center&#8221; css_animation=&#8221;fadeIn&#8221; css=&#8221;&#8221;][vc_column_text css_animation=&#8221;fadeIn&#8221; css=&#8221;&#8221;] O que \u00e9 o submerso? O SUBMERSO, surge no \u00e2mbito do Projeto europeu INFRABLUE, em que a Lisboa E-Nova &#8211; Ag\u00eancia de Energia e Ambiente de Lisboa participa, e pretende destacar o potencial destas \u201c\u00e1guas invis\u00edveis\u201d e das suas infraestruturas como elementos naturais, sociais e culturais na &hellip; <\/p>\n<p class=\"link-more\"><a href=\"https:\/\/submerso.pt\/?page_id=88\" class=\"more-link\">Leia mais<span class=\"screen-reader-text\"> &#8220;Sobre&#8221;<\/span><\/a><\/p>\n","protected":false},"author":1,"featured_media":0,"parent":0,"menu_order":0,"comment_status":"closed","ping_status":"closed","template":"page-templates\/no-title.php","meta":{"footnotes":"[]"},"class_list":["post-88","page","type-page","status-publish","hentry"],"_links":{"self":[{"href":"https:\/\/submerso.pt\/index.php?rest_route=\/wp\/v2\/pages\/88","targetHints":{"allow":["GET"]}}],"collection":[{"href":"https:\/\/submerso.pt\/index.php?rest_route=\/wp\/v2\/pages"}],"about":[{"href":"https:\/\/submerso.pt\/index.php?rest_route=\/wp\/v2\/types\/page"}],"author":[{"embeddable":true,"href":"https:\/\/submerso.pt\/index.php?rest_route=\/wp\/v2\/users\/1"}],"replies":[{"embeddable":true,"href":"https:\/\/submerso.pt\/index.php?rest_route=%2Fwp%2Fv2%2Fcomments&post=88"}],"version-history":[{"count":54,"href":"https:\/\/submerso.pt\/index.php?rest_route=\/wp\/v2\/pages\/88\/revisions"}],"predecessor-version":[{"id":606,"href":"https:\/\/submerso.pt\/index.php?rest_route=\/wp\/v2\/pages\/88\/revisions\/606"}],"wp:attachment":[{"href":"https:\/\/submerso.pt\/index.php?rest_route=%2Fwp%2Fv2%2Fmedia&parent=88"}],"curies":[{"name":"wp","href":"https:\/\/api.w.org\/{rel}","templated":true}]}}