{"id":90,"date":"2024-07-25T14:31:00","date_gmt":"2024-07-25T14:31:00","guid":{"rendered":"https:\/\/submerso.pt\/?page_id=90"},"modified":"2024-09-16T13:11:16","modified_gmt":"2024-09-16T13:11:16","slug":"evento","status":"publish","type":"page","link":"https:\/\/submerso.pt\/?page_id=90","title":{"rendered":"Programa\u00e7\u00e3o"},"content":{"rendered":"<div class=\"wpb-content-wrapper\"><p>[vc_row][vc_column][vc_single_image image=&#8221;596&#8243; img_size=&#8221;1920&#215;1080&#8243; alignment=&#8221;center&#8221; css_animation=&#8221;fadeIn&#8221; css=&#8221;&#8221;][\/vc_column][\/vc_row][vc_row disable_element=&#8221;yes&#8221;][vc_column][vc_separator color=&#8221;custom&#8221; border_width=&#8221;3&#8243; css_animation=&#8221;fadeInLeft&#8221; css=&#8221;&#8221; accent_color=&#8221;#99d4e5&#8243;][vc_column_text css_animation=&#8221;top-to-bottom&#8221; css=&#8221;&#8221;]<\/p>\n<h1><span style=\"color: #99d4e5;\">Teatro de Rua<\/span><\/h1>\n<p><span style=\"font-size: 20px;\">Teatro de rua sobre o mais famoso chafariz da cidade de Lisboa, o Chafariz D&#8217;el Rei, localizado no bairro de Alfama, \u00e9 um dos mais antigos e hist\u00f3ricos chafarizes da cidade, constru\u00eddo no s\u00e9culo XIII durante o reinado de D.Afonso III, foi um dos primeiros chafarizes p\u00fablicos de Lisboa, crucial para fornecer \u00e1gua pot\u00e1vel \u00e0 popula\u00e7\u00e3o local e aos navios atracados no Porto de Lisboa.<\/span>[\/vc_column_text][vc_separator color=&#8221;custom&#8221; border_width=&#8221;3&#8243; css_animation=&#8221;fadeInRight&#8221; css=&#8221;&#8221; accent_color=&#8221;#99d4e5&#8243;][vc_row_inner disable_element=&#8221;yes&#8221;][vc_column_inner][vc_column_text css=&#8221;&#8221;]<strong><span style=\"font-size: 32px; color: #99d4e5;\">Proje\u00e7\u00e3o Interativa<\/span><\/strong>[\/vc_column_text][vc_video link=&#8221;https:\/\/www.youtube.com\/watch?v=BNmk_t6Zo8E&amp;ab_channel=Submerso&#8221; css=&#8221;&#8221;][\/vc_column_inner][\/vc_row_inner][vc_separator color=&#8221;custom&#8221; border_width=&#8221;3&#8243; css_animation=&#8221;fadeInLeft&#8221; css=&#8221;&#8221; accent_color=&#8221;#99d4e5&#8243;][\/vc_column][\/vc_row][vc_row disable_element=&#8221;yes&#8221;][vc_column][vc_single_image image=&#8221;483&#8243; img_size=&#8221;1920&#215;400&#8243; alignment=&#8221;center&#8221; css_animation=&#8221;fadeInUp&#8221; css=&#8221;&#8221;][\/vc_column][\/vc_row]<\/p>\n<\/div>","protected":false},"excerpt":{"rendered":"<p>[vc_row][vc_column][vc_single_image image=&#8221;596&#8243; img_size=&#8221;1920&#215;1080&#8243; alignment=&#8221;center&#8221; css_animation=&#8221;fadeIn&#8221; css=&#8221;&#8221;][\/vc_column][\/vc_row][vc_row disable_element=&#8221;yes&#8221;][vc_column][vc_separator color=&#8221;custom&#8221; border_width=&#8221;3&#8243; css_animation=&#8221;fadeInLeft&#8221; css=&#8221;&#8221; accent_color=&#8221;#99d4e5&#8243;][vc_column_text css_animation=&#8221;top-to-bottom&#8221; css=&#8221;&#8221;] Teatro de Rua Teatro de rua sobre o mais famoso chafariz da cidade de Lisboa, o Chafariz D&#8217;el Rei, localizado no bairro de Alfama, \u00e9 um dos mais antigos e hist\u00f3ricos chafarizes da cidade, constru\u00eddo no s\u00e9culo XIII durante o reinado &hellip; <\/p>\n<p class=\"link-more\"><a href=\"https:\/\/submerso.pt\/?page_id=90\" class=\"more-link\">Leia mais<span class=\"screen-reader-text\"> &#8220;Programa\u00e7\u00e3o&#8221;<\/span><\/a><\/p>\n","protected":false},"author":1,"featured_media":0,"parent":0,"menu_order":0,"comment_status":"closed","ping_status":"closed","template":"page-templates\/no-title.php","meta":{"footnotes":""},"class_list":["post-90","page","type-page","status-publish","hentry"],"_links":{"self":[{"href":"https:\/\/submerso.pt\/index.php?rest_route=\/wp\/v2\/pages\/90","targetHints":{"allow":["GET"]}}],"collection":[{"href":"https:\/\/submerso.pt\/index.php?rest_route=\/wp\/v2\/pages"}],"about":[{"href":"https:\/\/submerso.pt\/index.php?rest_route=\/wp\/v2\/types\/page"}],"author":[{"embeddable":true,"href":"https:\/\/submerso.pt\/index.php?rest_route=\/wp\/v2\/users\/1"}],"replies":[{"embeddable":true,"href":"https:\/\/submerso.pt\/index.php?rest_route=%2Fwp%2Fv2%2Fcomments&post=90"}],"version-history":[{"count":31,"href":"https:\/\/submerso.pt\/index.php?rest_route=\/wp\/v2\/pages\/90\/revisions"}],"predecessor-version":[{"id":597,"href":"https:\/\/submerso.pt\/index.php?rest_route=\/wp\/v2\/pages\/90\/revisions\/597"}],"wp:attachment":[{"href":"https:\/\/submerso.pt\/index.php?rest_route=%2Fwp%2Fv2%2Fmedia&parent=90"}],"curies":[{"name":"wp","href":"https:\/\/api.w.org\/{rel}","templated":true}]}}